{"id":3226,"date":"2026-05-04T08:30:08","date_gmt":"2026-05-04T06:30:08","guid":{"rendered":"https:\/\/kzic31.fr\/?page_id=3226"},"modified":"2026-05-04T15:09:25","modified_gmt":"2026-05-04T13:09:25","slug":"actualites","status":"publish","type":"page","link":"https:\/\/kzic31.fr\/?page_id=3226","title":{"rendered":"Actualit\u00e9s"},"content":{"rendered":"\t\t<div data-elementor-type=\"wp-page\" data-elementor-id=\"3226\" class=\"elementor elementor-3226\">\n\t\t\t\t<div class=\"elementor-element elementor-element-8349d74 e-flex e-con-boxed e-con e-parent\" data-id=\"8349d74\" data-element_type=\"container\" data-e-type=\"container\">\n\t\t\t\t\t<div class=\"e-con-inner\">\n\t\t<div class=\"elementor-element elementor-element-1ab1e35 e-con-full e-flex e-con e-child\" data-id=\"1ab1e35\" data-element_type=\"container\" data-e-type=\"container\">\n\t\t\t\t<div class=\"elementor-element elementor-element-02699b2 elementor-widget elementor-widget-image\" data-id=\"02699b2\" data-element_type=\"widget\" data-e-type=\"widget\" data-widget_type=\"image.default\">\n\t\t\t\t<div class=\"elementor-widget-container\">\n\t\t\t\t\t\t\t\t\t\t\t\t\t\t\t<img fetchpriority=\"high\" decoding=\"async\" width=\"1024\" height=\"682\" src=\"https:\/\/kzic31.fr\/wp-content\/uploads\/2026\/03\/pexels-photo-3783471-3783471-1024x682.jpg\" class=\"attachment-large size-large wp-image-3101\" alt=\"pexels-photo-3783471-3783471.jpg\" srcset=\"https:\/\/kzic31.fr\/wp-content\/uploads\/2026\/03\/pexels-photo-3783471-3783471-1024x682.jpg 1024w, https:\/\/kzic31.fr\/wp-content\/uploads\/2026\/03\/pexels-photo-3783471-3783471-300x200.jpg 300w, https:\/\/kzic31.fr\/wp-content\/uploads\/2026\/03\/pexels-photo-3783471-3783471-768x512.jpg 768w, https:\/\/kzic31.fr\/wp-content\/uploads\/2026\/03\/pexels-photo-3783471-3783471.jpg 1280w\" sizes=\"(max-width: 1024px) 100vw, 1024px\" \/>\t\t\t\t\t\t\t\t\t\t\t\t\t\t\t<\/div>\n\t\t\t\t<\/div>\n\t\t\t\t<\/div>\n\t\t\t\t<div class=\"elementor-element elementor-element-8b69a7e elementor-widget elementor-widget-text-editor\" data-id=\"8b69a7e\" data-element_type=\"widget\" data-e-type=\"widget\" data-widget_type=\"text-editor.default\">\n\t\t\t\t<div class=\"elementor-widget-container\">\n\t\t\t\t\t\t\t\t\t<p style=\"font-size: 16px; font-style: normal; caret-color: #030303; color: #030303;\">INSCRIPTIONS POUR LES IMMERSIONS CHORALES OUVERTES !<\/p>\n<p style=\"font-size: 16px; font-style: normal; caret-color: #000000; color: #000000;\" data-start=\"0\" data-end=\"232\">Plonge au c\u0153ur des immersions chorales de&nbsp;Kzic31&nbsp;!<br data-start=\"86\" data-end=\"89\" data-is-only-node=\"\">Avec&nbsp;<strong data-start=\"94\" data-end=\"106\">Kzic All<\/strong>&nbsp;et&nbsp;<strong data-start=\"110\" data-end=\"128\">Kzic in Gospel<\/strong>, vis une exp\u00e9rience unique : \u00e9nergie collective, \u00e9motions puissantes et voix qui vibrent \u00e0 l\u2019unisson.<\/p>\n<p style=\"font-size: 16px; font-style: normal; caret-color: #000000; color: #000000;\" data-start=\"234\" data-end=\"379\">Pas besoin d\u2019\u00eatre un chanteur professionnel : tu aimes chanter, tu es le pro des karaok\u00e9s ou un chanteur de salle de bain ? Tu es le bienvenu !<\/p>\n<p style=\"font-size: 16px; font-style: normal; caret-color: #000000; color: #000000;\" data-start=\"381\" data-end=\"488\">Seules conditions : aimer chanter, respecter le collectif\u2026 et avoir le sens de l\u2019engagement.<\/p>\n<p style=\"font-size: 16px; font-style: normal; caret-color: #000000; color: #000000;\" data-start=\"490\" data-end=\"522\" data-is-last-node=\"\" data-is-only-node=\"\">Plus qu\u2019un chant, une immersion.<\/p>\n<p style=\"font-size: 16px; font-style: normal; caret-color: #000000; color: #000000;\" data-start=\"490\" data-end=\"522\" data-is-last-node=\"\" data-is-only-node=\"\">Tu veux tester, nous rencontrer, alors inscris toi via le lien suivant..<\/p>\n<p style=\"font-size: 16px; font-style: normal; caret-color: #000000; color: #000000;\" data-start=\"490\" data-end=\"522\" data-is-last-node=\"\" data-is-only-node=\"\"><a style=\"transition-property: all;\" href=\"https:\/\/docs.google.com\/forms\/d\/e\/1FAIpQLSc2a93Lxntxg43LkowU_mVsQGRQQ0QwimHYaFGkRhH7HyEKtQ\/viewform\">GO J\u2019ARRIVE !<\/a><\/p>\n<p style=\"font-size: 16px; font-style: normal; caret-color: #000000; color: #000000;\" data-start=\"490\" data-end=\"522\" data-is-last-node=\"\" data-is-only-node=\"\">RDV mardi 5 mai pour la chorale Kzic ALL<\/p>\n<p style=\"font-size: 16px; font-style: normal; caret-color: #000000; color: #000000;\" data-start=\"490\" data-end=\"522\" data-is-last-node=\"\" data-is-only-node=\"\">RDV jeudi 7 mai pour la chorale Kzic in Gospel&nbsp;<\/p>\t\t\t\t\t\t\t\t<\/div>\n\t\t\t\t<\/div>\n\t\t\t\t\t<\/div>\n\t\t\t\t<\/div>\n\t\t<div class=\"elementor-element elementor-element-d4bbfbc e-flex e-con-boxed e-con e-parent\" data-id=\"d4bbfbc\" data-element_type=\"container\" data-e-type=\"container\">\n\t\t\t\t\t<div class=\"e-con-inner\">\n\t\t<div class=\"elementor-element elementor-element-c53044b e-con-full e-flex e-con e-child\" data-id=\"c53044b\" data-element_type=\"container\" data-e-type=\"container\">\n\t\t\t\t<div class=\"elementor-element elementor-element-5919b55 elementor-widget elementor-widget-text-editor\" data-id=\"5919b55\" data-element_type=\"widget\" data-e-type=\"widget\" data-widget_type=\"text-editor.default\">\n\t\t\t\t<div class=\"elementor-widget-container\">\n\t\t\t\t\t\t\t\t\t<p data-start=\"78\" data-end=\"127\"><strong data-start=\"78\" data-end=\"127\"><img decoding=\"async\" draggable=\"false\" role=\"img\" class=\"emoji\" alt=\"\ud83c\udfb6\" src=\"https:\/\/s.w.org\/images\/core\/emoji\/17.0.2\/svg\/1f3b6.svg\"> Kzic31 \u2013 Saison 5 : Rejoignez l\u2019aventure !<\/strong><\/p>\n<p data-start=\"129\" data-end=\"282\">Envie de chanter, vibrer et partager bien plus que de la musique ?<br data-start=\"195\" data-end=\"198\">Kzic31, c\u2019est un espace o\u00f9 la voix rassemble, o\u00f9 chacun trouve sa place, simplement.<\/p>\n<p data-start=\"284\" data-end=\"419\">Ici, on cultive l\u2019esprit de famille, la coh\u00e9sion et les rencontres humaines fortes.<br data-start=\"367\" data-end=\"370\">On se d\u00e9couvre autrement, on sort de soi, on ose.<\/p>\n<p data-start=\"421\" data-end=\"611\">Chaque saison est une immersion dans des univers musicaux \u00e9clectiques, m\u00ealant plaisir, exigence et projets artistiques engag\u00e9s.<br data-start=\"548\" data-end=\"551\">On s\u2019implique, on cr\u00e9e, on vit des exp\u00e9riences qui marquent.<\/p>\n<p data-start=\"613\" data-end=\"664\"><strong data-start=\"613\" data-end=\"664\">Pas besoin d\u2019\u00eatre parfait, juste d\u2019avoir envie.<\/strong><\/p>\n<p data-start=\"666\" data-end=\"730\"><img decoding=\"async\" draggable=\"false\" role=\"img\" class=\"emoji\" alt=\"\u2728\" src=\"https:\/\/s.w.org\/images\/core\/emoji\/17.0.2\/svg\/2728.svg\"> Saison 5 ouverte : venez comme vous \u00eates\u2026 repartez transform\u00e9.<\/p><p data-start=\"666\" data-end=\"730\"><a href=\"https:\/\/kzic31.assoconnect.com\/collect\/description\/699296-b-adhesion-groupes-vocaux-kzic31-2026-2027\" target=\"_blank\">Je m&#8217;inscris&nbsp;<\/a><br><\/p>\t\t\t\t\t\t\t\t<\/div>\n\t\t\t\t<\/div>\n\t\t\t\t<\/div>\n\t\t\t\t<div class=\"elementor-element elementor-element-693caab elementor-widget elementor-widget-image\" data-id=\"693caab\" data-element_type=\"widget\" data-e-type=\"widget\" data-widget_type=\"image.default\">\n\t\t\t\t<div class=\"elementor-widget-container\">\n\t\t\t\t\t\t\t\t\t\t\t\t\t\t\t<img decoding=\"async\" src=\"http:\/\/kzic31.fr\/wp-content\/uploads\/2026\/05\/Inscriptions-.pdf\" title=\"\" alt=\"\" loading=\"lazy\" \/>\t\t\t\t\t\t\t\t\t\t\t\t\t\t\t<\/div>\n\t\t\t\t<\/div>\n\t\t\t\t\t<\/div>\n\t\t\t\t<\/div>\n\t\t<div class=\"elementor-element elementor-element-9729284 e-flex e-con-boxed e-con e-parent\" data-id=\"9729284\" data-element_type=\"container\" data-e-type=\"container\">\n\t\t\t\t\t<div class=\"e-con-inner\">\n\t\t\t\t\t<\/div>\n\t\t\t\t<\/div>\n\t\t<div class=\"elementor-element elementor-element-4cbfe45 e-flex e-con-boxed e-con e-parent\" data-id=\"4cbfe45\" data-element_type=\"container\" data-e-type=\"container\">\n\t\t\t\t\t<div class=\"e-con-inner\">\n\t\t\t\t\t<\/div>\n\t\t\t\t<\/div>\n\t\t\t\t<\/div>\n\t\t","protected":false},"excerpt":{"rendered":"<p>INSCRIPTIONS POUR LES IMMERSIONS CHORALES OUVERTES ! Plonge au c\u0153ur des immersions chorales de&nbsp;Kzic31&nbsp;!Avec&nbsp;Kzic All&nbsp;et&nbsp;Kzic in Gospel, vis une exp\u00e9rience [&hellip;]<\/p>\n","protected":false},"author":1,"featured_media":0,"parent":0,"menu_order":0,"comment_status":"closed","ping_status":"closed","template":"","meta":{"_uag_custom_page_level_css":"","site-sidebar-layout":"no-sidebar","site-content-layout":"","ast-site-content-layout":"full-width-container","site-content-style":"default","site-sidebar-style":"default","ast-global-header-display":"","ast-banner-title-visibility":"","ast-main-header-display":"","ast-hfb-above-header-display":"","ast-hfb-below-header-display":"","ast-hfb-mobile-header-display":"","site-post-title":"disabled","ast-breadcrumbs-content":"","ast-featured-img":"disabled","footer-sml-layout":"","theme-transparent-header-meta":"","adv-header-id-meta":"","stick-header-meta":"","header-above-stick-meta":"","header-main-stick-meta":"","header-below-stick-meta":"","astra-migrate-meta-layouts":"default","ast-page-background-enabled":"default","ast-page-background-meta":{"desktop":{"background-color":"var(--ast-global-color-4)","background-image":"","background-repeat":"repeat","background-position":"center center","background-size":"auto","background-attachment":"scroll","background-type":"","background-media":"","overlay-type":"","overlay-color":"","overlay-opacity":"","overlay-gradient":""},"tablet":{"background-color":"","background-image":"","background-repeat":"repeat","background-position":"center center","background-size":"auto","background-attachment":"scroll","background-type":"","background-media":"","overlay-type":"","overlay-color":"","overlay-opacity":"","overlay-gradient":""},"mobile":{"background-color":"","background-image":"","background-repeat":"repeat","background-position":"center center","background-size":"auto","background-attachment":"scroll","background-type":"","background-media":"","overlay-type":"","overlay-color":"","overlay-opacity":"","overlay-gradient":""}},"ast-content-background-meta":{"desktop":{"background-color":"var(--ast-global-color-5)","background-image":"","background-repeat":"repeat","background-position":"center center","background-size":"auto","background-attachment":"scroll","background-type":"","background-media":"","overlay-type":"","overlay-color":"","overlay-opacity":"","overlay-gradient":""},"tablet":{"background-color":"var(--ast-global-color-5)","background-image":"","background-repeat":"repeat","background-position":"center center","background-size":"auto","background-attachment":"scroll","background-type":"","background-media":"","overlay-type":"","overlay-color":"","overlay-opacity":"","overlay-gradient":""},"mobile":{"background-color":"var(--ast-global-color-5)","background-image":"","background-repeat":"repeat","background-position":"center center","background-size":"auto","background-attachment":"scroll","background-type":"","background-media":"","overlay-type":"","overlay-color":"","overlay-opacity":"","overlay-gradient":""}},"footnotes":""},"class_list":["post-3226","page","type-page","status-publish","hentry"],"uagb_featured_image_src":{"full":false,"thumbnail":false,"medium":false,"medium_large":false,"large":false,"1536x1536":false,"2048x2048":false},"uagb_author_info":{"display_name":"admin1991","author_link":"https:\/\/kzic31.fr\/?author=1"},"uagb_comment_info":0,"uagb_excerpt":"INSCRIPTIONS POUR LES IMMERSIONS CHORALES OUVERTES ! Plonge au c\u0153ur des immersions chorales de&nbsp;Kzic31&nbsp;!Avec&nbsp;Kzic All&nbsp;et&nbsp;Kzic in Gospel, vis une exp\u00e9rience [&hellip;]","_links":{"self":[{"href":"https:\/\/kzic31.fr\/index.php?rest_route=\/wp\/v2\/pages\/3226","targetHints":{"allow":["GET"]}}],"collection":[{"href":"https:\/\/kzic31.fr\/index.php?rest_route=\/wp\/v2\/pages"}],"about":[{"href":"https:\/\/kzic31.fr\/index.php?rest_route=\/wp\/v2\/types\/page"}],"author":[{"embeddable":true,"href":"https:\/\/kzic31.fr\/index.php?rest_route=\/wp\/v2\/users\/1"}],"replies":[{"embeddable":true,"href":"https:\/\/kzic31.fr\/index.php?rest_route=%2Fwp%2Fv2%2Fcomments&post=3226"}],"version-history":[{"count":11,"href":"https:\/\/kzic31.fr\/index.php?rest_route=\/wp\/v2\/pages\/3226\/revisions"}],"predecessor-version":[{"id":3246,"href":"https:\/\/kzic31.fr\/index.php?rest_route=\/wp\/v2\/pages\/3226\/revisions\/3246"}],"wp:attachment":[{"href":"https:\/\/kzic31.fr\/index.php?rest_route=%2Fwp%2Fv2%2Fmedia&parent=3226"}],"curies":[{"name":"wp","href":"https:\/\/api.w.org\/{rel}","templated":true}]}}