{"id":1835,"date":"2024-07-16T09:50:13","date_gmt":"2024-07-16T07:50:13","guid":{"rendered":"https:\/\/kzic31.fr\/?page_id=1835"},"modified":"2026-05-04T07:21:14","modified_gmt":"2026-05-04T05:21:14","slug":"billetterie","status":"publish","type":"page","link":"https:\/\/kzic31.fr\/?page_id=1835","title":{"rendered":"Billetterie"},"content":{"rendered":"\t\t<div data-elementor-type=\"wp-page\" data-elementor-id=\"1835\" class=\"elementor elementor-1835\">\n\t\t\t\t\t\t<section class=\"elementor-section elementor-top-section elementor-element elementor-element-f986ad5 elementor-section-boxed elementor-section-height-default elementor-section-height-default\" data-id=\"f986ad5\" data-element_type=\"section\" data-e-type=\"section\" data-settings=\"{&quot;background_background&quot;:&quot;classic&quot;}\">\n\t\t\t\t\t\t\t<div class=\"elementor-background-overlay\"><\/div>\n\t\t\t\t\t\t\t<div class=\"elementor-container elementor-column-gap-default\">\n\t\t\t\t\t<div class=\"elementor-column elementor-col-100 elementor-top-column elementor-element elementor-element-614bec2a\" data-id=\"614bec2a\" data-element_type=\"column\" data-e-type=\"column\">\n\t\t\t<div class=\"elementor-widget-wrap elementor-element-populated\">\n\t\t\t\t\t\t<div class=\"elementor-element elementor-element-4e501dfd elementor-absolute elementor-widget elementor-widget-heading\" data-id=\"4e501dfd\" data-element_type=\"widget\" data-e-type=\"widget\" data-settings=\"{&quot;_position&quot;:&quot;absolute&quot;}\" data-widget_type=\"heading.default\">\n\t\t\t\t<div class=\"elementor-widget-container\">\n\t\t\t\t\t<h1 class=\"elementor-heading-title elementor-size-default\">BILLETERIE<\/h1>\t\t\t\t<\/div>\n\t\t\t\t<\/div>\n\t\t\t\t\t<\/div>\n\t\t<\/div>\n\t\t\t\t\t<\/div>\n\t\t<\/section>\n\t\t<div class=\"elementor-element elementor-element-dc80bc6 e-flex e-con-boxed e-con e-parent\" data-id=\"dc80bc6\" data-element_type=\"container\" data-e-type=\"container\">\n\t\t\t\t\t<div class=\"e-con-inner\">\n\t\t\t\t<div class=\"elementor-element elementor-element-34225ba elementor-widget elementor-widget-text-editor\" data-id=\"34225ba\" data-element_type=\"widget\" data-e-type=\"widget\" data-widget_type=\"text-editor.default\">\n\t\t\t\t<div class=\"elementor-widget-container\">\n\t\t\t\t\t\t\t\t\t<h1><strong>PROGRAMMATION&nbsp;<\/strong><\/h1>\t\t\t\t\t\t\t\t<\/div>\n\t\t\t\t<\/div>\n\t\t\t\t\t<\/div>\n\t\t\t\t<\/div>\n\t\t<div class=\"elementor-element elementor-element-8dda1e4 e-flex e-con-boxed e-con e-parent\" data-id=\"8dda1e4\" data-element_type=\"container\" data-e-type=\"container\">\n\t\t\t\t\t<div class=\"e-con-inner\">\n\t\t<div class=\"elementor-element elementor-element-2213c6e e-con-full e-flex e-con e-child\" data-id=\"2213c6e\" data-element_type=\"container\" data-e-type=\"container\">\n\t\t\t\t<div class=\"elementor-element elementor-element-17710e1 elementor-widget elementor-widget-text-editor\" data-id=\"17710e1\" data-element_type=\"widget\" data-e-type=\"widget\" data-widget_type=\"text-editor.default\">\n\t\t\t\t<div class=\"elementor-widget-container\">\n\t\t\t\t\t\t\t\t\t<p style=\"font-style: normal; caret-color: #000000; color: #000000;\">Pr\u00e9parez-vous \u00e0 vivre une soir\u00e9e inoubliable !<\/p><p style=\"font-style: normal; caret-color: #000000; color: #000000;\">Allez-y avec Tiss\u00e9o et gagnez vos places avec <a href=\"https:\/\/clubeo.tisseo.fr\/shop\/21499\">Club\u00e9o\u00a0<\/a><br \/>Plus de\u00a0<strong>100 choristes<\/strong>\u00a0r\u00e9uniront leurs voix pour un concert gospel grandiose sur la sc\u00e8ne du\u00a0<strong>Bascala<\/strong>, l\u2019une des plus belles salles de spectacle de la r\u00e9gion toulousaine.<\/p><p style=\"font-style: normal; caret-color: #000000; color: #000000;\"><strong>Une sc\u00e8ne d&#8217;exception<\/strong><br \/>Situ\u00e9 \u00e0 Brugui\u00e8res, le Bascala est un lieu moderne, \u00e9l\u00e9gant et reconnu pour la qualit\u00e9 de son acoustique. Sa grande sc\u00e8ne, pens\u00e9e pour accueillir des formations prestigieuses, offre un v\u00e9ritable \u00e9crin aux chorales et grands ensembles vocaux. Ce soir-l\u00e0, elle vibrera sous la puissance et l\u2019\u00e9motion d\u2019un ch\u0153ur r\u00e9unissant des voix venues partager joie, \u00e9nergie et spiritualit\u00e9.<\/p><p style=\"font-style: normal; caret-color: #000000; color: #000000;\"><strong>Un moment musical intense<\/strong><br \/>Au programme :<\/p><ul style=\"font-style: normal; caret-color: #000000; color: #000000;\"><li>Des titres gospel incontournables<\/li><li>Des harmonies puissantes et inspirantes<\/li><li>Une ambiance chaleureuse et communicative<\/li><li>L\u2019union de plus de 100 choristes pour un spectacle vivant et \u00a0vibrant<\/li><\/ul><p style=\"font-style: normal; caret-color: #000000; color: #000000;\">Que vous soyez passionn\u00e9 de gospel, amateur de musique live ou simplement \u00e0 la recherche d\u2019une soir\u00e9e riche en \u00e9motions, ce concert est fait pour vous.<\/p><p style=\"font-style: normal; caret-color: #000000; color: #000000;\"><strong>Laissez-vous emporter par la magie du gospel !<\/strong><br \/>Venez vivre une exp\u00e9rience musicale unique, dans un lieu exceptionnel, en compagnie de choristes passionn\u00e9s pr\u00eats \u00e0 vous faire vibrer.<\/p><p style=\"font-style: normal; caret-color: #000000; color: #000000;\"><strong>En premi\u00e8re partie\u00a0<\/strong>:\u00a0<i><strong>The Taylors Band<\/strong><\/i>, un duo d&#8217;artistes n\u00e9 \u00e0 Toulouse qui propose un univers pop folk country acoustique port\u00e9 par la guitare et des harmonies vocales chaleureuses. Leur projet m\u00eale reprises de grands classiques country et r\u00e9interpr\u00e9tations de titres actuels. Ils proposent un univers musical simple, authentique et proche du public.\u00a0<\/p><p style=\"font-style: normal; caret-color: #000000; color: #000000;\">Un concert accessible \u00e0 tous et pour tous avec des gilets vibrants pour les personnes sourdes et malentendantes.<\/p><p style=\"font-style: normal; caret-color: #000000; color: #000000;\"><a style=\"font-family: var( --e-global-typography-text-font-family ), Sans-serif; text-align: var(--text-align);\" href=\"https:\/\/www.helloasso.com\/associations\/kzic-prod\/evenements\/concert-gospl\">=&gt; R\u00e9servez d\u00e8s maintenant\u00a0<\/a><\/p><p style=\"font-style: normal; caret-color: #000000; color: #000000;\">\u00a0<\/p>\t\t\t\t\t\t\t\t<\/div>\n\t\t\t\t<\/div>\n\t\t\t\t<\/div>\n\t\t\t\t<div class=\"elementor-element elementor-element-ae9fd6d elementor-widget elementor-widget-image\" data-id=\"ae9fd6d\" data-element_type=\"widget\" data-e-type=\"widget\" data-widget_type=\"image.default\">\n\t\t\t\t<div class=\"elementor-widget-container\">\n\t\t\t\t\t\t\t\t\t\t\t\t\t\t\t<img decoding=\"async\" src=\"http:\/\/kzic31.fr\/wp-content\/uploads\/2026\/03\/Red-and-Black-Modern-Neon-Live-Music-Concert-Poster-1.pdf\" title=\"\" alt=\"\" loading=\"lazy\" \/>\t\t\t\t\t\t\t\t\t\t\t\t\t\t\t<\/div>\n\t\t\t\t<\/div>\n\t\t\t\t\t<\/div>\n\t\t\t\t<\/div>\n\t\t<div class=\"elementor-element elementor-element-f92f814 e-flex e-con-boxed e-con e-parent\" data-id=\"f92f814\" data-element_type=\"container\" data-e-type=\"container\">\n\t\t\t\t\t<div class=\"e-con-inner\">\n\t\t<div class=\"elementor-element elementor-element-8b5fcf8 e-con-full e-flex e-con e-child\" data-id=\"8b5fcf8\" data-element_type=\"container\" data-e-type=\"container\">\n\t\t\t\t<div class=\"elementor-element elementor-element-2cc1e01 elementor-widget elementor-widget-image\" data-id=\"2cc1e01\" data-element_type=\"widget\" data-e-type=\"widget\" data-widget_type=\"image.default\">\n\t\t\t\t<div class=\"elementor-widget-container\">\n\t\t\t\t\t\t\t\t\t\t\t\t\t\t\t<img fetchpriority=\"high\" decoding=\"async\" width=\"1024\" height=\"1024\" src=\"https:\/\/kzic31.fr\/wp-content\/uploads\/2026\/05\/Design-sans-titre-10-1024x1024.jpg\" class=\"attachment-large size-large wp-image-3172\" alt=\"\" srcset=\"https:\/\/kzic31.fr\/wp-content\/uploads\/2026\/05\/Design-sans-titre-10-1024x1024.jpg 1024w, https:\/\/kzic31.fr\/wp-content\/uploads\/2026\/05\/Design-sans-titre-10-300x300.jpg 300w, https:\/\/kzic31.fr\/wp-content\/uploads\/2026\/05\/Design-sans-titre-10-150x150.jpg 150w, https:\/\/kzic31.fr\/wp-content\/uploads\/2026\/05\/Design-sans-titre-10-768x768.jpg 768w, https:\/\/kzic31.fr\/wp-content\/uploads\/2026\/05\/Design-sans-titre-10.jpg 1080w\" sizes=\"(max-width: 1024px) 100vw, 1024px\" \/>\t\t\t\t\t\t\t\t\t\t\t\t\t\t\t<\/div>\n\t\t\t\t<\/div>\n\t\t\t\t<\/div>\n\t\t<div class=\"elementor-element elementor-element-f691da8 e-con-full e-flex e-con e-child\" data-id=\"f691da8\" data-element_type=\"container\" data-e-type=\"container\">\n\t\t\t\t<div class=\"elementor-element elementor-element-94866c2 elementor-widget elementor-widget-text-editor\" data-id=\"94866c2\" data-element_type=\"widget\" data-e-type=\"widget\" data-widget_type=\"text-editor.default\">\n\t\t\t\t<div class=\"elementor-widget-container\">\n\t\t\t\t\t\t\t\t\t<div class=\"ft-primary\">\n<p>Kzic all fait sa com\u00e9dIA est une cr\u00e9ation originale en cin\u00e9-concert sign\u00e9e par la production Kzic Prod, sous la direction artistique et direction chant de&nbsp;<a href=\"https:\/\/nerika.fr\" target=\"_blank\">Nerika<\/a>.<br>Port\u00e9 par l\u2019\u00e9nergie collective de 70 chanteurs de la chorale Kzic ALL de Kzic31, ce spectacle d\u2019envergure m\u00eale puissance vocale immersive en live et univers cin\u00e9matographique pour offrir une exp\u00e9rience unique.<\/p>\n<p>Dans un futur proche, en 2037, une Intelligence Artificielle constate une anomalie inqui\u00e9tante : les humains ne vibrent plus. Les \u00e9motions s\u2019effacent, les connexions se brisent, et l\u2019amour semble avoir disparu. Pour comprendre ce ph\u00e9nom\u00e8ne, l\u2019IA envoie des agents dans notre \u00e9poque actuelle, charg\u00e9s d\u2019une mission essentielle : capter, analyser et archiver les ondes et vibrations \u00e9motionnelles humaines.<br>Leur enqu\u00eate les plonge au c\u0153ur des grandes com\u00e9dies musicales qui ont marqu\u00e9 notre m\u00e9moire collective. De Grease \u00e0 1789 : Les Amants de la Bastille, en passant par La Reine des Neiges et Notre-Dame de Paris, chaque univers devient un terrain d\u2019exploration sensorielle. \u00c0 travers ces \u0153uvres embl\u00e9matiques, les agents tentent de retrouver les traces d\u2019\u00e9motions authentiques, de vibrations intenses, et peut-\u00eatre\u2026 la cl\u00e9 de ce qui a disparu.<br>Entre performance vocale, narration futuriste et immersion cin\u00e9matographique, ce spectacle interroge notre humanit\u00e9 :<br>Et si la musique \u00e9tait la derni\u00e8re m\u00e9moire de nos \u00e9motions&nbsp;<\/p>\n<p>Un voyage unique entre pass\u00e9 \u00e9motionnel et futur incertain\u2026 o\u00f9 chaque note pourrait bien reconnecter l\u2019humanit\u00e9 \u00e0 elle-m\u00eame.<br>Partenaires : Vald\u00e9lia, Audiolum, Cr\u00e9dit Agricole, Flashback Caf\u00e9, KzicProd, Cin\u00e9ma Path\u00e9 Lab\u00e8ge, R\u00e9mi Sudre<br>Artistes partenaires : Marie Beyssen, Nerika, Rosetta Arcuri<\/p>\n<p><a href=\"https:\/\/www.pathe.fr\/films\/kzic-all-fait-sa-comedia-52157\" target=\"_blank\">Billetterie sur Path\u00e9 Lab\u00e8ge&nbsp;<\/a><br><\/p>\n<\/div>\t\t\t\t\t\t\t\t<\/div>\n\t\t\t\t<\/div>\n\t\t\t\t<\/div>\n\t\t\t\t\t<\/div>\n\t\t\t\t<\/div>\n\t\t<div class=\"elementor-element elementor-element-d43f456 e-flex e-con-boxed e-con e-parent\" data-id=\"d43f456\" data-element_type=\"container\" data-e-type=\"container\">\n\t\t\t\t\t<div class=\"e-con-inner\">\n\t\t<div class=\"elementor-element elementor-element-60c6247 e-con-full e-flex e-con e-child\" data-id=\"60c6247\" data-element_type=\"container\" data-e-type=\"container\">\n\t\t\t\t<div class=\"elementor-element elementor-element-f2129d7 elementor-widget elementor-widget-image\" data-id=\"f2129d7\" data-element_type=\"widget\" data-e-type=\"widget\" data-widget_type=\"image.default\">\n\t\t\t\t<div class=\"elementor-widget-container\">\n\t\t\t\t\t\t\t\t\t\t\t\t\t\t\t<img decoding=\"async\" src=\"http:\/\/kzic31.fr\/wp-content\/uploads\/2026\/04\/Concert-laudace-du-coeur-1-1.pdf\" title=\"\" alt=\"\" loading=\"lazy\" \/>\t\t\t\t\t\t\t\t\t\t\t\t\t\t\t<\/div>\n\t\t\t\t<\/div>\n\t\t\t\t<\/div>\n\t\t<div class=\"elementor-element elementor-element-9960100 e-con-full e-flex e-con e-child\" data-id=\"9960100\" data-element_type=\"container\" data-e-type=\"container\">\n\t\t\t\t<div class=\"elementor-element elementor-element-331e782 elementor-widget elementor-widget-text-editor\" data-id=\"331e782\" data-element_type=\"widget\" data-e-type=\"widget\" data-widget_type=\"text-editor.default\">\n\t\t\t\t<div class=\"elementor-widget-container\">\n\t\t\t\t\t\t\t\t\t<p><span style=\"white-space: pre-line; caret-color: #2d2e5c; color: #2d2e5c; font-family: 'Open Sans', 'Segoe UI', HelveticaNeue-Light, 'Helvetica Neue Light', 'Helvetica Neue', Helvetica, Arial, sans-serif;\"><b>L&#8217;audace du coeur<\/b><\/span><\/p><p><span style=\"color: #2d2e5c; font-family: Open Sans, Segoe UI, HelveticaNeue-Light, Helvetica Neue Light, Helvetica Neue, Helvetica, Arial, sans-serif;\">Spectacle musical o\u00f9 13 voix de femmes,13 artistes chantent avec le c\u0153ur. Un spectacle musical vibrant o\u00f9 l\u2019amour, la passion, le c\u0153ur et la raison s\u2019entrelacent dans une m\u00eame \u00e9motion. RDV le vendredi 26 juin \u00e0 l&#8217;Espace Jacques Brel \u00e0 Castanet \u00e0 20H30. Une cr\u00e9ation <span style=\"caret-color: #2d2e5c;\">Kzic31 <\/span>\u00a0<\/span><span style=\"color: #2d2e5c; font-family: 'Open Sans', 'Segoe UI', HelveticaNeue-Light, 'Helvetica Neue Light', 'Helvetica Neue', Helvetica, Arial, sans-serif; caret-color: #2d2e5c;\"><a href=\"https:\/\/www.helloasso.com\/associations\/kzic-prod\/evenements\/l-audace-du-coeur-spectacle-musical?_gl=1%2ax4hbs2%2a_gcl_au%2aNzI0MzExNzAyLjE3NzYzMzQ1NjYuMTQxODg3NTEyMy4xNzc2ODc5MDY2LjE3NzY4NzkwNjU.\">Billetterie<\/a><\/span><span style=\"color: #2d2e5c; font-family: Open Sans, Segoe UI, HelveticaNeue-Light, Helvetica Neue Light, Helvetica Neue, Helvetica, Arial, sans-serif;\">\u00a0<\/span><\/p>\t\t\t\t\t\t\t\t<\/div>\n\t\t\t\t<\/div>\n\t\t\t\t<\/div>\n\t\t\t\t\t<\/div>\n\t\t\t\t<\/div>\n\t\t<div class=\"elementor-element elementor-element-623c72e e-flex e-con-boxed e-con e-parent\" data-id=\"623c72e\" data-element_type=\"container\" data-e-type=\"container\">\n\t\t\t\t\t<div class=\"e-con-inner\">\n\t\t\t\t\t<\/div>\n\t\t\t\t<\/div>\n\t\t\t\t<\/div>\n\t\t","protected":false},"excerpt":{"rendered":"<p>BILLETERIE PROGRAMMATION&nbsp; Pr\u00e9parez-vous \u00e0 vivre une soir\u00e9e inoubliable ! Allez-y avec Tiss\u00e9o et gagnez vos places avec Club\u00e9o\u00a0Plus de\u00a0100 choristes\u00a0r\u00e9uniront [&hellip;]<\/p>\n","protected":false},"author":1,"featured_media":0,"parent":0,"menu_order":8,"comment_status":"closed","ping_status":"closed","template":"","meta":{"_uag_custom_page_level_css":"","site-sidebar-layout":"no-sidebar","site-content-layout":"page-builder","ast-site-content-layout":"","site-content-style":"default","site-sidebar-style":"default","ast-global-header-display":"","ast-banner-title-visibility":"","ast-main-header-display":"","ast-hfb-above-header-display":"","ast-hfb-below-header-display":"","ast-hfb-mobile-header-display":"","site-post-title":"disabled","ast-breadcrumbs-content":"","ast-featured-img":"","footer-sml-layout":"","theme-transparent-header-meta":"enabled","adv-header-id-meta":"","stick-header-meta":"","header-above-stick-meta":"","header-main-stick-meta":"","header-below-stick-meta":"","astra-migrate-meta-layouts":"default","ast-page-background-enabled":"default","ast-page-background-meta":{"desktop":{"background-color":"var(--ast-global-color-4)","background-image":"","background-repeat":"repeat","background-position":"center center","background-size":"auto","background-attachment":"scroll","background-type":"","background-media":"","overlay-type":"","overlay-color":"","overlay-opacity":"","overlay-gradient":""},"tablet":{"background-color":"","background-image":"","background-repeat":"repeat","background-position":"center center","background-size":"auto","background-attachment":"scroll","background-type":"","background-media":"","overlay-type":"","overlay-color":"","overlay-opacity":"","overlay-gradient":""},"mobile":{"background-color":"","background-image":"","background-repeat":"repeat","background-position":"center center","background-size":"auto","background-attachment":"scroll","background-type":"","background-media":"","overlay-type":"","overlay-color":"","overlay-opacity":"","overlay-gradient":""}},"ast-content-background-meta":{"desktop":{"background-color":"var(--ast-global-color-5)","background-image":"","background-repeat":"repeat","background-position":"center center","background-size":"auto","background-attachment":"scroll","background-type":"","background-media":"","overlay-type":"","overlay-color":"","overlay-opacity":"","overlay-gradient":""},"tablet":{"background-color":"var(--ast-global-color-5)","background-image":"","background-repeat":"repeat","background-position":"center center","background-size":"auto","background-attachment":"scroll","background-type":"","background-media":"","overlay-type":"","overlay-color":"","overlay-opacity":"","overlay-gradient":""},"mobile":{"background-color":"var(--ast-global-color-5)","background-image":"","background-repeat":"repeat","background-position":"center center","background-size":"auto","background-attachment":"scroll","background-type":"","background-media":"","overlay-type":"","overlay-color":"","overlay-opacity":"","overlay-gradient":""}},"footnotes":""},"class_list":["post-1835","page","type-page","status-publish","hentry"],"uagb_featured_image_src":{"full":false,"thumbnail":false,"medium":false,"medium_large":false,"large":false,"1536x1536":false,"2048x2048":false},"uagb_author_info":{"display_name":"admin1991","author_link":"https:\/\/kzic31.fr\/?author=1"},"uagb_comment_info":0,"uagb_excerpt":"BILLETERIE PROGRAMMATION&nbsp; Pr\u00e9parez-vous \u00e0 vivre une soir\u00e9e inoubliable ! Allez-y avec Tiss\u00e9o et gagnez vos places avec Club\u00e9o\u00a0Plus de\u00a0100 choristes\u00a0r\u00e9uniront [&hellip;]","_links":{"self":[{"href":"https:\/\/kzic31.fr\/index.php?rest_route=\/wp\/v2\/pages\/1835","targetHints":{"allow":["GET"]}}],"collection":[{"href":"https:\/\/kzic31.fr\/index.php?rest_route=\/wp\/v2\/pages"}],"about":[{"href":"https:\/\/kzic31.fr\/index.php?rest_route=\/wp\/v2\/types\/page"}],"author":[{"embeddable":true,"href":"https:\/\/kzic31.fr\/index.php?rest_route=\/wp\/v2\/users\/1"}],"replies":[{"embeddable":true,"href":"https:\/\/kzic31.fr\/index.php?rest_route=%2Fwp%2Fv2%2Fcomments&post=1835"}],"version-history":[{"count":196,"href":"https:\/\/kzic31.fr\/index.php?rest_route=\/wp\/v2\/pages\/1835\/revisions"}],"predecessor-version":[{"id":3175,"href":"https:\/\/kzic31.fr\/index.php?rest_route=\/wp\/v2\/pages\/1835\/revisions\/3175"}],"wp:attachment":[{"href":"https:\/\/kzic31.fr\/index.php?rest_route=%2Fwp%2Fv2%2Fmedia&parent=1835"}],"curies":[{"name":"wp","href":"https:\/\/api.w.org\/{rel}","templated":true}]}}